{"id":1112,"date":"2020-07-17T10:35:22","date_gmt":"2020-07-17T10:35:22","guid":{"rendered":"http:\/\/www.mrrauhotel.pl\/?page_id=1112"},"modified":"2022-03-08T21:35:59","modified_gmt":"2022-03-08T21:35:59","slug":"rezerwacja-3","status":"publish","type":"page","link":"https:\/\/www.mrrauhotel.pl\/index.php\/rezerwacja-3\/","title":{"rendered":"Rezerwacja"},"content":{"rendered":"<p>[vc_row][vc_column][vc_column_text]<\/p>\n<h4 style=\"text-align: center;\">REZERWACJA ONLINE<\/h4>\n<p>[\/vc_column_text][vc_empty_space height=&#8221;55px&#8221; hide_on_mobile=&#8221;&#8221;][\/vc_column][\/vc_row][vc_row][vc_column width=&#8221;1\/6&#8243;][\/vc_column][vc_column width=&#8221;2\/3&#8243;][vc_column_text] <div id=\"form_id942824080270\" class=\"wpbc_container wpbc_form wpbc_container_booking_form \" ><form id=\"booking_form1\" class=\"booking_form vertical\" method=\"post\" action=\"\"><div id=\"ajax_respond_insert1\" class=\"ajax_respond_insert\" style=\"display:none;\"><\/div><a name=\"bklnk1\" id=\"bklnk1\"><\/a><div id=\"booking_form_div1\" class=\"booking_form_div\"><style type=\"text\/css\">.wpbc_container_booking_form .block_hints, .wpbc_booking_form_simple.wpbc_form_center .wpbc__form__div .wpbc__row.wpbc_r_calendar, .wpbc_booking_form_simple .wpbc__form__div .wpbc__row:not(.wpbc_r_calendar){max-width:440px;} <\/style>\n<div class=\"wpbc_booking_form_simple \">\n<div class=\"wpbc__form__div\">\n\t\t\t<div class=\"wpbc_r_calendar wpbc__row\">\n\t\t\t\t<div class=\"wpbc_r_calendar wpbc__field\"> <label><\/label><br><div class=\"wpbc_calendar_wraper wpbc_change_over_triangle wpbc_calendar_skin_legacy\"><div class=\"wpbc_cal_container bk_calendar_frame wpbc_no_custom_width  months_num_in_row_ cal_month_num_1\" style=\"\"><div id=\"calendar_booking1\"  class=\"wpbc_calendar_id_1\" >\t<div class=\"calendar_loader_frame calendar_loader_frame1\"\r\n\t\tdata-wpbc-rid=\"1\"\r\n\t\tdata-wpbc-grace=\"8000\"\r\n\t\tstyle=\"--wpbc-loader-cols: 1;\"\r\n\t>\r\n\t\t<div class=\"calendar_loader_text\">Wczytywanie...<\/div>\r\n\t\t<div class=\"calendar_loader_frame__progress_line_container\">\r\n\t\t\t<div class=\"calendar_loader_frame__progress_line\"><\/div>\r\n\t\t<\/div>\r\n\t<\/div>\r\n\t<\/div><\/div><div style=\"font-size:7px;text-align:left;margin:0 0 10px;text-shadow: none;\">Powered by <a href=\"https:\/\/wpbookingcalendar.com\" style=\"font-size:7px;\" target=\"_blank\" title=\"Booking Calendar plugin for WordPress\">Booking Calendar<\/a><\/div><textarea id=\"date_booking1\" name=\"date_booking1\" autocomplete=\"off\" style=\"display:none;\"><\/textarea><\/div> <\/div>\n\t\t\t<\/div>\n\t\t\t<div class=\"wpbc__row\">\n\t\t\t\t<div class=\"wpbc_r_name wpbc__field\"> <label>Imi\u0119 i Nazwisko*<\/label><br><span class=\"wpbc_wrap_text wpdev-form-control-wrap name1\"><input type=\"text\" name=\"name1\" value=\"\" autocomplete=\"name\" class=\"wpdev-validates-as-required\" size=\"40\" \/><\/span> <\/div>\n\t\t\t<\/div>\n\t\t\t<div class=\"wpbc__row\">\n\t\t\t\t<div class=\"wpbc_r_phone wpbc__field\"> <label>Telefon*<\/label><br><span class=\"wpbc_wrap_text wpdev-form-control-wrap phone1\"><input type=\"text\" name=\"phone1\" value=\"\" autocomplete=\"phone\" class=\"wpdev-validates-as-required\" size=\"40\" \/><\/span> <\/div>\n\t\t\t<\/div>\n\t\t\t<div class=\"wpbc__row\">\n\t\t\t\t<div class=\"wpbc_r_email wpbc__field\"> <label>Email*<\/label><br><span class=\"wpbc_wrap_text wpdev-form-control-wrap email1\"><input type=\"email\" name=\"email1\" value=\"\" autocomplete=\"email\" class=\"wpdev-validates-as-email wpdev-validates-as-required\" size=\"40\" \/><\/span> <\/div>\n\t\t\t<\/div>\n\t\t\t<div class=\"wpbc__row\">\n\t\t\t\t<div class=\"wpbc_r_ilofutrzakw wpbc__field\"> <label>Ilo\u015b\u0107 futrzak\u00f3w*<\/label><br><span class=\"wpbc_wrap_select wpdev-form-control-wrap ilofutrzakw1\"><select onchange=\"javascript:if(typeof( wpbc_show_cost_hints_after_few_seconds )=='function'){wpbc_show_cost_hints_after_few_seconds(1);}\" name=\"ilofutrzakw1\" autocomplete=\"ilofutrzakw\" class=\"wpdev-validates-as-required\"><option value=\"1\">1<\/option><option value=\"2\">2<\/option><option value=\"3\">3<\/option><option value=\"4\">4<\/option><option value=\"5\">5<\/option><\/select><\/span> <\/div>\n\t\t\t<\/div>\n\t\t\t<div class=\"wpbc__row\">\n\t\t\t\t<div class=\"wpbc_r_rasa wpbc__field\"> <label>Rasa*<\/label><br><span class=\"wpbc_wrap_text wpdev-form-control-wrap rasa1\"><input type=\"text\" name=\"rasa1\" value=\"\" autocomplete=\"rasa\" class=\"wpdev-validates-as-required\" size=\"40\" \/><\/span> <\/div>\n\t\t\t<\/div>\n\t\t\t<div class=\"wpbc__row\">\n\t\t\t\t<div class=\"wpbc_r_imifutrzaka wpbc__field\"> <label>Imi\u0119 futrzaka*<\/label><br><span class=\"wpbc_wrap_text wpdev-form-control-wrap imifutrzaka1\"><input type=\"text\" name=\"imifutrzaka1\" value=\"\" autocomplete=\"imifutrzaka\" class=\"wpdev-validates-as-required\" size=\"40\" \/><\/span> <\/div>\n\t\t\t<\/div>\n\t\t\t<div class=\"wpbc__row\">\n\t\t\t\t<div class=\"wpbc_r_wiek wpbc__field\"> <label>Wiek*<\/label><br><span class=\"wpbc_wrap_text wpdev-form-control-wrap wiek1\"><input type=\"text\" name=\"wiek1\" value=\"\" autocomplete=\"wiek\" class=\"wpdev-validates-as-required\" size=\"40\" \/><\/span> <\/div>\n\t\t\t<\/div>\n\t\t\t<div class=\"wpbc__row\">\n\t\t\t\t<div class=\"wpbc_r_pe wpbc__field\"> <label>P\u0142e\u0107*<\/label><br><span class=\"wpbc_wrap_select wpdev-form-control-wrap pe1\"><select onchange=\"javascript:if(typeof( wpbc_show_cost_hints_after_few_seconds )=='function'){wpbc_show_cost_hints_after_few_seconds(1);}\" name=\"pe1\" autocomplete=\"pe\" class=\"wpdev-validates-as-required\"><option value=\"Kot\">Kot<\/option><option value=\"Kotka\">Kotka<\/option><option value=\"Kot i Kotka\">Kot i Kotka<\/option><\/select><\/span> <\/div>\n\t\t\t<\/div>\n\t\t\t<div class=\"wpbc__row\">\n\t\t\t\t<div class=\"wpbc_r_kuweta wpbc__field\"> <label>Kuweta*<\/label><br><span class=\"wpbc_wrap_select wpdev-form-control-wrap kuweta1\"><select onchange=\"javascript:if(typeof( wpbc_show_cost_hints_after_few_seconds )=='function'){wpbc_show_cost_hints_after_few_seconds(1);}\" name=\"kuweta1\" autocomplete=\"kuweta\" class=\"wpdev-validates-as-required\"><option value=\"Otwarta\">Otwarta<\/option><option value=\"Zamkni\u0119ta\">Zamkni\u0119ta<\/option><\/select><\/span> <\/div>\n\t\t\t<\/div>\n\t\t\t<div class=\"wpbc__row\">\n\t\t\t\t<div class=\"wpbc_r_wirek wpbc__field\"> <label>\u017bwirek*<\/label><br><span class=\"wpbc_wrap_select wpdev-form-control-wrap wirek1\"><select onchange=\"javascript:if(typeof( wpbc_show_cost_hints_after_few_seconds )=='function'){wpbc_show_cost_hints_after_few_seconds(1);}\" name=\"wirek1\" autocomplete=\"wirek\" class=\"wpdev-validates-as-required\"><option value=\"Bentonitowy\">Bentonitowy<\/option><option value=\"Drewniany\">Drewniany<\/option><option value=\"Sylikonowy\">Sylikonowy<\/option><option value=\"Kukurydziany\">Kukurydziany<\/option><\/select><\/span> <\/div>\n\t\t\t<\/div>\n\t\t\t<div class=\"wpbc__row\">\n\t\t\t\t<div class=\"wpbc_r_wyywienie wpbc__field\"> <label>Wy\u017cywienie*<\/label><br><span class=\"wpbc_wrap_select wpdev-form-control-wrap wyywienie1\"><select onchange=\"javascript:if(typeof( wpbc_show_cost_hints_after_few_seconds )=='function'){wpbc_show_cost_hints_after_few_seconds(1);}\" name=\"wyywienie1\" autocomplete=\"wyywienie\" class=\"wpdev-validates-as-required\"><option value=\"Wy\u017cywienie we w\u0142asnym zakresie\">Wy\u017cywienie we w\u0142asnym zakresie<\/option><option value=\"Wy\u017cywienie w Hotelu\">Wy\u017cywienie w Hotelu<\/option><\/select><\/span> <\/div>\n\t\t\t<\/div>\n\t\t\t<div class=\"wpbc__row\">\n\t\t\t\t<div class=\"wpbc_r_futrzakjestpozabiegukastracjisterylizacji wpbc__field\"> <label>futrzak jest po zabiegu kastracji\/sterylizacji*<\/label><br><span class=\"wpbc_wrap_select wpdev-form-control-wrap futrzakjestpozabiegukastracjisterylizacji1\"><select onchange=\"javascript:if(typeof( wpbc_show_cost_hints_after_few_seconds )=='function'){wpbc_show_cost_hints_after_few_seconds(1);}\" name=\"futrzakjestpozabiegukastracjisterylizacji1\" autocomplete=\"futrzakjestpozabiegukastracjisterylizacji\" class=\"wpdev-validates-as-required\"><option value=\"Tak\">Tak<\/option><option value=\"Nie\">Nie<\/option><\/select><\/span> <\/div>\n\t\t\t<\/div>\n\t\t\t<div class=\"wpbc__row\">\n\t\t\t\t<div class=\"wpbc_r_uwagido300znakw wpbc__field\"> <label>Uwagi (do 300 znak\u00f3w)<\/label><br><span class=\"wpbc_wrap_textarea wpdev-form-control-wrap uwagido300znakw1\"><textarea name=\"uwagido300znakw1\" autocomplete=\"uwagido300znakw\"><\/textarea><\/span> <\/div>\n\t\t\t<\/div>\n\t\t\t<div class=\"wpbc__row\">\n\t\t\t\t<div class=\"wpbc_r_regulaminokrelazasadywiadczeniausugodpowiedzialnociorazprzebywanianatereniemrrauhotelijestintegralnczciumowydoktrejzawarciadochodzipoprzezdokonanierezerwacjizapatyzadatkubdcaejnalenocizapobytdokonujcwwczynnociwacicielzwierzciapotwierdzaizapoznasiiwpeniakceptujewarunkiregulaminuizobowizujesidoichprzestrzegania wpbc__field\"> <label>Regulamin okre\u015bla zasady \u015bwiadczenia us\u0142ug, odpowiedzialno\u015bci oraz przebywania na terenie Mrrau Hotel i jest integraln\u0105 cz\u0119\u015bci\u0105 umowy, do kt\u00f3rej zawarcia dochodzi poprzez dokonanie rezerwacji, zap\u0142aty zadatku b\u0105d\u017a ca\u0142ej nale\u017cno\u015bci za pobyt dokonuj\u0105c ww. czynno\u015bci. W\u0142a\u015bciciel zwierz\u0119cia potwierdza, i\u017c zapozna\u0142 si\u0119 i w pe\u0142ni akceptuje warunki regulaminu i zobowi\u0105zuje si\u0119 do ich przestrzegania.*<\/label><br><span class=\"wpbc_wrap_select wpdev-form-control-wrap regulaminokrelazasadywiadczeniausugodpowiedzialnociorazprzebywanianatereniemrrauhotelijestintegralnczciumowydoktrejzawarciadochodzipoprzezdokonanierezerwacjizapatyzadatkubdcaejnalenocizapobytdokonujcwwczynnociwacicielzwierzciapotwierdzaizapoznasiiwpeniakceptujewarunkiregulaminuizobowizujesidoichprzestrzegania1\"><select onchange=\"javascript:if(typeof( wpbc_show_cost_hints_after_few_seconds )=='function'){wpbc_show_cost_hints_after_few_seconds(1);}\" name=\"regulaminokrelazasadywiadczeniausugodpowiedzialnociorazprzebywanianatereniemrrauhotelijestintegralnczciumowydoktrejzawarciadochodzipoprzezdokonanierezerwacjizapatyzadatkubdcaejnalenocizapobytdokonujcwwczynnociwacicielzwierzciapotwierdzaizapoznasiiwpeniakceptujewarunkiregulaminuizobowizujesidoichprzestrzegania1\" autocomplete=\"regulaminokrelazasadywiadczeniausugodpowiedzialnociorazprzebywanianatereniemrrauhotelijestintegralnczciumowydoktrejzawarciadochodzipoprzezdokonanierezerwacjizapatyzadatkubdcaejnalenocizapobytdokonujcwwczynnociwacicielzwierzciapotwierdzaizapoznasiiwpeniakceptujewarunkiregulaminuizobowizujesidoichprzestrzegania\" class=\"wpdev-validates-as-required\"><option value=\"Tak\">Tak<\/option><option value=\"Nie\">Nie<\/option><\/select><\/span> <\/div>\n\t\t\t<\/div>\n\t\t\t<div class=\"wpbc__row\">\n\t\t\t\t<div class=\"wpbc_r_submit wpbc__field\"><input type=\"button\" value=\"Wy\u015blij\" class=\"wpbc_button_light  btn btn\" onclick=\"wpbc_booking_form_submit(this.form,1, 'pl_PL');\" \/> <\/div>\n\t\t\t<\/div>\n<\/div>\n<\/div><input id=\"bk_type1\" name=\"bk_type1\" class=\"\" type=\"hidden\" value=\"1\" \/><\/div><div id=\"submiting1\"><\/div><div class=\"form_bk_messages\" id=\"form_bk_messages1\" ><\/div><input type=\"hidden\" id=\"wpbc_nonceCALCULATE_THE_COST1\" name=\"wpbc_nonceCALCULATE_THE_COST1\" value=\"573200361e\" \/><input type=\"hidden\" name=\"_wp_http_referer\" value=\"\/index.php\/wp-json\/wp\/v2\/pages\/1112\" \/><\/form><\/div><div id=\"booking_form_garbage1\" class=\"booking_form_garbage\"><\/div> [\/vc_column_text][\/vc_column][vc_column width=&#8221;1\/6&#8243;][\/vc_column][\/vc_row][vc_row][vc_column width=&#8221;1\/6&#8243;][\/vc_column][vc_column width=&#8221;2\/3&#8243;][vc_empty_space height=&#8221;80px&#8221; hide_on_mobile=&#8221;&#8221;][\/vc_column][vc_column width=&#8221;1\/6&#8243;][\/vc_column][\/vc_row]<\/p>\n","protected":false},"excerpt":{"rendered":"<p>[vc_row][vc_column][vc_column_text] REZERWACJA ONLINE [\/vc_column_text][vc_empty_space height=&#8221;55px&#8221; hide_on_mobile=&#8221;&#8221;][\/vc_column][\/vc_row][vc_row][vc_column width=&#8221;1\/6&#8243;][\/vc_column][vc_column width=&#8221;2\/3&#8243;][vc_column_text][\/vc_column_text][\/vc_column][vc_column width=&#8221;1\/6&#8243;][\/vc_column][\/vc_row][vc_row][vc_column width=&#8221;1\/6&#8243;][\/vc_column][vc_column width=&#8221;2\/3&#8243;][vc_empty_space height=&#8221;80px&#8221; hide_on_mobile=&#8221;&#8221;][\/vc_column][vc_column width=&#8221;1\/6&#8243;][\/vc_column][\/vc_row]<\/p>\n","protected":false},"author":1,"featured_media":0,"parent":0,"menu_order":0,"comment_status":"closed","ping_status":"closed","template":"","meta":{"footnotes":""},"class_list":["post-1112","page","type-page","status-publish","hentry"],"_links":{"self":[{"href":"https:\/\/www.mrrauhotel.pl\/index.php\/wp-json\/wp\/v2\/pages\/1112","targetHints":{"allow":["GET"]}}],"collection":[{"href":"https:\/\/www.mrrauhotel.pl\/index.php\/wp-json\/wp\/v2\/pages"}],"about":[{"href":"https:\/\/www.mrrauhotel.pl\/index.php\/wp-json\/wp\/v2\/types\/page"}],"author":[{"embeddable":true,"href":"https:\/\/www.mrrauhotel.pl\/index.php\/wp-json\/wp\/v2\/users\/1"}],"replies":[{"embeddable":true,"href":"https:\/\/www.mrrauhotel.pl\/index.php\/wp-json\/wp\/v2\/comments?post=1112"}],"version-history":[{"count":9,"href":"https:\/\/www.mrrauhotel.pl\/index.php\/wp-json\/wp\/v2\/pages\/1112\/revisions"}],"predecessor-version":[{"id":1256,"href":"https:\/\/www.mrrauhotel.pl\/index.php\/wp-json\/wp\/v2\/pages\/1112\/revisions\/1256"}],"wp:attachment":[{"href":"https:\/\/www.mrrauhotel.pl\/index.php\/wp-json\/wp\/v2\/media?parent=1112"}],"curies":[{"name":"wp","href":"https:\/\/api.w.org\/{rel}","templated":true}]}}